{"id":58,"date":"2021-08-03T16:12:24","date_gmt":"2021-08-03T14:12:24","guid":{"rendered":"http:\/\/kjckonsulting.pl\/?page_id=58"},"modified":"2021-08-05T11:43:03","modified_gmt":"2021-08-05T09:43:03","slug":"kontakt","status":"publish","type":"page","link":"https:\/\/kjckonsulting.pl\/index.php\/kontakt\/","title":{"rendered":"Kontakt"},"content":{"rendered":"\n<div class=\"wp-block-columns alignfull\">\n<div class=\"wp-block-column\">\n<div style=\"width: 100%\"><iframe loading=\"lazy\" width=\"100%\" height=\"400\" frameborder=\"0\" scrolling=\"no\" marginheight=\"0\" marginwidth=\"0\" src=\"https:\/\/www.google.com\/maps\/embed?pb=!1m18!1m12!1m3!1d2545.5232812651793!2d18.917058015727992!3d50.35679637946261!2m3!1f0!2f0!3f0!3m2!1i1024!2i768!4f13.1!3m3!1m2!1s0x4716d3340e189cdb%3A0x7dc37cd52de4c242!2sAkacjowa%205A%2C%2041-902%20Bytom!5e0!3m2!1spl!2spl!4v1628155309422!5m2!1spl!2spl;output=embed\"><\/iframe><\/div>\n\n\n\n<p><\/p>\n<\/div>\n<\/div>\n\n\n\n<div class=\"wp-block-columns container\">\n<div class=\"wp-block-column is-vertically-aligned-center\">\n<h2 class=\"hestia-title\">Masz pytania? Napisz!<\/h2>\n\n\n\n<div style=\"height:40px\" aria-hidden=\"true\" class=\"wp-block-spacer\"><\/div>\n\n\n<div class=\"wpforms-container wpforms-container-full\" id=\"wpforms-90\"><form id=\"wpforms-form-90\" class=\"wpforms-validate wpforms-form wpforms-ajax-form\" data-formid=\"90\" method=\"post\" enctype=\"multipart\/form-data\" action=\"\/index.php\/wp-json\/wp\/v2\/pages\/58\" data-token=\"1a96cefa4d312540581402d29b45820c\"><noscript class=\"wpforms-error-noscript\">Please enable JavaScript in your browser to complete this form.<\/noscript><div class=\"wpforms-field-container\"><div id=\"wpforms-90-field_0-container\" class=\"wpforms-field wpforms-field-name\" data-field-id=\"0\"><label class=\"wpforms-field-label\" for=\"wpforms-90-field_0\">Imi\u0119 i nazwisko <span class=\"wpforms-required-label\">*<\/span><\/label><input type=\"text\" id=\"wpforms-90-field_0\" class=\"wpforms-field-medium wpforms-field-required\" name=\"wpforms[fields][0]\" required><div class=\"wpforms-field-description\">Wpisz swoje imi\u0119...<\/div><\/div><div id=\"wpforms-90-field_1-container\" class=\"wpforms-field wpforms-field-email\" data-field-id=\"1\"><label class=\"wpforms-field-label\" for=\"wpforms-90-field_1\">Email <span class=\"wpforms-required-label\">*<\/span><\/label><input type=\"email\" id=\"wpforms-90-field_1\" class=\"wpforms-field-medium wpforms-field-required\" name=\"wpforms[fields][1]\" required><div class=\"wpforms-field-description\">Podaj adres, na kt\u00f3ry mamy si\u0119 skontaktowa\u0107...<\/div><\/div><div id=\"wpforms-90-field_3-container\" class=\"wpforms-field wpforms-field-number\" data-field-id=\"3\"><label class=\"wpforms-field-label\" for=\"wpforms-90-field_3\">Nr telefonu<\/label><input type=\"number\" pattern=\"\\d*\" id=\"wpforms-90-field_3\" class=\"wpforms-field-medium\" name=\"wpforms[fields][3]\" ><div class=\"wpforms-field-description\">Wpisz nr kontaktowy, je\u017celi chcesz, \u017ceby\u015bmy oddzwonili...<\/div><\/div><div id=\"wpforms-90-field_2-container\" class=\"wpforms-field wpforms-field-textarea\" data-field-id=\"2\"><label class=\"wpforms-field-label\" for=\"wpforms-90-field_2\">Tre\u015b\u0107 wiadomo\u015bci <span class=\"wpforms-required-label\">*<\/span><\/label><textarea id=\"wpforms-90-field_2\" class=\"wpforms-field-medium wpforms-field-required\" name=\"wpforms[fields][2]\" required><\/textarea><div class=\"wpforms-field-description\">Napisz, o czym chcia\u0142by\u015b porozmawia\u0107...<\/div><\/div><\/div><div class=\"wpforms-recaptcha-container wpforms-is-recaptcha\" ><div class=\"g-recaptcha\" data-sitekey=\"6LcT6t4bAAAAAG-p87q_80KFD3zXH99-eXXrHx5C\"><\/div><input type=\"text\" name=\"g-recaptcha-hidden\" class=\"wpforms-recaptcha-hidden\" style=\"position:absolute!important;clip:rect(0,0,0,0)!important;height:1px!important;width:1px!important;border:0!important;overflow:hidden!important;padding:0!important;margin:0!important;\" required><\/div><div class=\"wpforms-submit-container\" ><input type=\"hidden\" name=\"wpforms[id]\" value=\"90\"><input type=\"hidden\" name=\"wpforms[author]\" value=\"1\"><button type=\"submit\" name=\"wpforms[submit]\" class=\"wpforms-submit \" id=\"wpforms-submit-90\" value=\"wpforms-submit\" aria-live=\"assertive\" data-alt-text=\"Wysy\u0142am...\" data-submit-text=\"Wy\u015blij\">Wy\u015blij<\/button><img src=\"https:\/\/kjckonsulting.pl\/wp-content\/plugins\/wpforms-lite\/assets\/images\/submit-spin.svg\" class=\"wpforms-submit-spinner\" style=\"display: none;\" width=\"26\" height=\"26\" alt=\"\"><\/div><\/form><\/div>  <!-- .wpforms-container --><\/div>\n\n\n\n<div class=\"wp-block-column is-vertically-aligned-center\">\n<div class=\"wp-block-columns\">\n<div class=\"wp-block-column\"><\/div>\n\n\n\n<div class=\"wp-block-column\" style=\"flex-basis:50%\">\n<h4 class=\"has-text-align-left hestia-title has-text-color\" style=\"color:#3c4858;font-size:18px\"><img class=\"wp-image-86\" style=\"width: 25px;\" src=\"http:\/\/kjckonsulting.pl\/wp-content\/themes\/hestia\/assets\/img\/contact1.png\" alt=\"Map icon\">  <strong>Siedziba<\/strong><\/h4>\n\n\n\n<p class=\"has-text-align-left has-text-color\" style=\"color:#999999;font-size:14px\">Akacjowa 5A<br>Bytom, 41-902<br>Polska<\/p>\n\n\n\n<div style=\"height:40px\" aria-hidden=\"true\" class=\"wp-block-spacer\"><\/div>\n\n\n\n<h4 class=\"has-text-align-left hestia-title has-text-color\" style=\"color:#3c4858;font-size:18px\"><img class=\"wp-image-98\" style=\"width: 25px;\" src=\"http:\/\/kjckonsulting.pl\/wp-content\/themes\/hestia\/assets\/img\/contact2.png\" alt=\"\">  <strong><strong>Dane kontaktowe<\/strong><\/strong><\/h4>\n\n\n\n<p class=\"has-text-align-left has-text-color\" style=\"color:#999999;font-size:14px\">Krzysztof Cygo\u0144<br>+48 695 656 696<br>kontakt@kjckonsulting.pl<br>Pon &#8211; Pt, 0800-1800<\/p>\n\n\n\n<div style=\"height:40px\" aria-hidden=\"true\" class=\"wp-block-spacer\"><\/div>\n\n\n\n<h4 class=\"has-text-align-left hestia-title has-text-color\" style=\"color:#3c4858;font-size:18px\"><img class=\"wp-image-105\" style=\"width: 25px;\" src=\"http:\/\/kjckonsulting.pl\/wp-content\/themes\/hestia\/assets\/img\/contact3.png\" alt=\"\"><strong>  <strong>Dane rejestrowe<\/strong><\/strong><\/h4>\n\n\n\n<p class=\"has-text-align-left has-text-color\" style=\"color:#999999;font-size:14px\">KJC Konsulting Krzysztof Cygo\u0144<br>NIP: 626-269-12-96<br>REGON: 386012082<br><\/p>\n<\/div>\n\n\n\n<div class=\"wp-block-column\"><\/div>\n<\/div>\n<\/div>\n<\/div>\n\n\n\n<p><\/p>\n","protected":false},"excerpt":{"rendered":"<p>Masz pytania? Napisz! Siedziba Akacjowa 5ABytom, 41-902Polska Dane kontaktowe Krzysztof Cygo\u0144+48 695 656 696kontakt@kjckonsulting.plPon &#8211; Pt, 0800-1800 Dane rejestrowe KJC Konsulting Krzysztof Cygo\u0144NIP: 626-269-12-96REGON: 386012082<\/p>\n","protected":false},"author":1,"featured_media":50,"parent":0,"menu_order":0,"comment_status":"closed","ping_status":"closed","template":"page-templates\/template-pagebuilder-full-width.php","meta":[],"_links":{"self":[{"href":"https:\/\/kjckonsulting.pl\/index.php\/wp-json\/wp\/v2\/pages\/58"}],"collection":[{"href":"https:\/\/kjckonsulting.pl\/index.php\/wp-json\/wp\/v2\/pages"}],"about":[{"href":"https:\/\/kjckonsulting.pl\/index.php\/wp-json\/wp\/v2\/types\/page"}],"author":[{"embeddable":true,"href":"https:\/\/kjckonsulting.pl\/index.php\/wp-json\/wp\/v2\/users\/1"}],"replies":[{"embeddable":true,"href":"https:\/\/kjckonsulting.pl\/index.php\/wp-json\/wp\/v2\/comments?post=58"}],"version-history":[{"count":6,"href":"https:\/\/kjckonsulting.pl\/index.php\/wp-json\/wp\/v2\/pages\/58\/revisions"}],"predecessor-version":[{"id":92,"href":"https:\/\/kjckonsulting.pl\/index.php\/wp-json\/wp\/v2\/pages\/58\/revisions\/92"}],"wp:featuredmedia":[{"embeddable":true,"href":"https:\/\/kjckonsulting.pl\/index.php\/wp-json\/wp\/v2\/media\/50"}],"wp:attachment":[{"href":"https:\/\/kjckonsulting.pl\/index.php\/wp-json\/wp\/v2\/media?parent=58"}],"curies":[{"name":"wp","href":"https:\/\/api.w.org\/{rel}","templated":true}]}}